{"id":3,"date":"2024-01-04T09:12:42","date_gmt":"2024-01-04T09:12:42","guid":{"rendered":"https:\/\/www.star-logistics.eu\/?page_id=3"},"modified":"2025-06-13T09:28:27","modified_gmt":"2025-06-13T09:28:27","slug":"privacy-policy","status":"publish","type":"page","link":"https:\/\/www.star-logistics.eu\/en\/privacy-policy\/","title":{"rendered":"Privacy Policy"},"content":{"rendered":"<div data-elementor-type=\"wp-page\" data-elementor-id=\"3\" class=\"elementor elementor-3\" data-elementor-post-type=\"page\">\n\t\t\t\t\t\t\t<div class=\"elementor-element elementor-element-d38be84 e-flex e-con-boxed e-con e-parent\" data-id=\"d38be84\" data-element_type=\"container\" data-settings=\"{&quot;background_background&quot;:&quot;classic&quot;,&quot;content_width&quot;:&quot;boxed&quot;}\" data-core-v316-plus=\"true\">\n\t\t\t\t\t<div class=\"e-con-inner\">\n\t\t\t\t<div class=\"elementor-element elementor-element-e673395 elementor-widget elementor-widget-heading\" data-id=\"e673395\" data-element_type=\"widget\" data-widget_type=\"heading.default\">\n\t\t\t\t<div class=\"elementor-widget-container\">\n\t\t\t<style>\/*! elementor - v3.18.0 - 20-12-2023 *\/\n.elementor-heading-title{padding:0;margin:0;line-height:1}.elementor-widget-heading .elementor-heading-title[class*=elementor-size-]>a{color:inherit;font-size:inherit;line-height:inherit}.elementor-widget-heading .elementor-heading-title.elementor-size-small{font-size:15px}.elementor-widget-heading .elementor-heading-title.elementor-size-medium{font-size:19px}.elementor-widget-heading .elementor-heading-title.elementor-size-large{font-size:29px}.elementor-widget-heading .elementor-heading-title.elementor-size-xl{font-size:39px}.elementor-widget-heading .elementor-heading-title.elementor-size-xxl{font-size:59px}<\/style><h2 class=\"elementor-heading-title elementor-size-default\">Privacy Policy<\/h2>\t\t<\/div>\n\t\t\t\t<\/div>\n\t\t\t\t\t<\/div>\n\t\t\t\t<\/div>\n\t\t<div class=\"elementor-element elementor-element-7ee5324d e-flex e-con-boxed e-con e-parent\" data-id=\"7ee5324d\" data-element_type=\"container\" data-settings=\"{&quot;content_width&quot;:&quot;boxed&quot;}\" data-core-v316-plus=\"true\">\n\t\t\t\t\t<div class=\"e-con-inner\">\n\t\t\t\t<div class=\"elementor-element elementor-element-7db1fd2 elementor-widget elementor-widget-heading\" data-id=\"7db1fd2\" data-element_type=\"widget\" data-widget_type=\"heading.default\">\n\t\t\t\t<div class=\"elementor-widget-container\">\n\t\t\t<h4 class=\"elementor-heading-title elementor-size-default\">a) Qual \u00e8 lo scopo della informativa?<\/h4>\t\t<\/div>\n\t\t\t\t<\/div>\n\t\t\t\t<div class=\"elementor-element elementor-element-27af557 elementor-widget elementor-widget-text-editor\" data-id=\"27af557\" data-element_type=\"widget\" data-widget_type=\"text-editor.default\">\n\t\t\t\t<div class=\"elementor-widget-container\">\n\t\t\t<style>\/*! elementor - v3.18.0 - 20-12-2023 *\/\n.elementor-widget-text-editor.elementor-drop-cap-view-stacked .elementor-drop-cap{background-color:#69727d;color:#fff}.elementor-widget-text-editor.elementor-drop-cap-view-framed .elementor-drop-cap{color:#69727d;border:3px solid;background-color:transparent}.elementor-widget-text-editor:not(.elementor-drop-cap-view-default) .elementor-drop-cap{margin-top:8px}.elementor-widget-text-editor:not(.elementor-drop-cap-view-default) .elementor-drop-cap-letter{width:1em;height:1em}.elementor-widget-text-editor .elementor-drop-cap{float:left;text-align:center;line-height:1;font-size:50px}.elementor-widget-text-editor .elementor-drop-cap-letter{display:inline-block}<\/style>\t\t\t\t<p class=\"p2\">In osservanza di quanto previsto dalla vigente normativa in materia di protezione dei dati personali, vale a dire il Regolamento UE 2016\/679 (anche detto \u201c<span class=\"s2\"><i>GDPR<\/i><\/span>\u201d) e, per quanto applicabile, dalla normativa nazionale complementare, desideriamo informarla in merito al trattamento dei suoi dati personali da parte dell\u2019organizzazione del Titolare che verr\u00e0 improntato ai principi di correttezza, liceit\u00e0 e trasparenza, nonch\u00e9 di tutela della sua riservatezza e di tutela dei suoi diritti. La presente informativa \u00e8 resa per i dati personali forniti da lei, vale a dire la persona interessata che legge l\u2019informativa.<\/p>\t\t\t\t\t\t<\/div>\n\t\t\t\t<\/div>\n\t\t\t\t<div class=\"elementor-element elementor-element-ac66151 elementor-widget elementor-widget-heading\" data-id=\"ac66151\" data-element_type=\"widget\" data-widget_type=\"heading.default\">\n\t\t\t\t<div class=\"elementor-widget-container\">\n\t\t\t<h4 class=\"elementor-heading-title elementor-size-default\">b) Quando raccogliamo i suoi dati personali?<\/h4>\t\t<\/div>\n\t\t\t\t<\/div>\n\t\t\t\t<div class=\"elementor-element elementor-element-8ba65c0 elementor-widget elementor-widget-text-editor\" data-id=\"8ba65c0\" data-element_type=\"widget\" data-widget_type=\"text-editor.default\">\n\t\t\t\t<div class=\"elementor-widget-container\">\n\t\t\t\t\t\t\t<p class=\"p2\">La presente informativa \u00e8 resa per i dati personali che lei fornisce utilizzando il sito web.<\/p>\t\t\t\t\t\t<\/div>\n\t\t\t\t<\/div>\n\t\t\t\t<div class=\"elementor-element elementor-element-8ba55ba elementor-widget elementor-widget-heading\" data-id=\"8ba55ba\" data-element_type=\"widget\" data-widget_type=\"heading.default\">\n\t\t\t\t<div class=\"elementor-widget-container\">\n\t\t\t<h4 class=\"elementor-heading-title elementor-size-default\">c) Chi \u00e8 il Titolare del trattamento? Come contattarlo?<\/h4>\t\t<\/div>\n\t\t\t\t<\/div>\n\t\t\t\t<div class=\"elementor-element elementor-element-3886282 elementor-widget elementor-widget-text-editor\" data-id=\"3886282\" data-element_type=\"widget\" data-widget_type=\"text-editor.default\">\n\t\t\t\t<div class=\"elementor-widget-container\">\n\t\t\t\t\t\t\t<p class=\"p2\">Il Titolare del trattamento \u00e8 STAR S.p.A. con sede legale in Localit\u00e0 il Moro, n. 1, cap 20085, Locate di Triulzi (MI) \u2013 P.IVA 13208060155, C.F. 07436860014, di seguito il \u201cTitolare\u201d. I suoi dati di contatto sono: e-mail <a href=\"mailto:gdpr@marcevaggi.com\">gdpr@marcevaggi.com<\/a>.<\/p>\t\t\t\t\t\t<\/div>\n\t\t\t\t<\/div>\n\t\t\t\t<div class=\"elementor-element elementor-element-ba3c8f1 elementor-widget elementor-widget-heading\" data-id=\"ba3c8f1\" data-element_type=\"widget\" data-widget_type=\"heading.default\">\n\t\t\t\t<div class=\"elementor-widget-container\">\n\t\t\t<h4 class=\"elementor-heading-title elementor-size-default\">d) Quali categorie di dati personali trattiamo?<\/h4>\t\t<\/div>\n\t\t\t\t<\/div>\n\t\t\t\t<div class=\"elementor-element elementor-element-0bef79b elementor-widget elementor-widget-text-editor\" data-id=\"0bef79b\" data-element_type=\"widget\" data-widget_type=\"text-editor.default\">\n\t\t\t\t<div class=\"elementor-widget-container\">\n\t\t\t\t\t\t\t<p class=\"p2\">Per offrirle i servizi previsti dal sito internet dobbiamo trattare alcuni suoi dati personali principalmente riferibili alle seguenti categorie:<\/p><ul class=\"ul1\"><li class=\"li2\">dati comuni identificativi che lei eventualmente ci fornisce quali: nome, cognome, societ\u00e0, indirizzo e-mail , ulteriori dati relativi alla richiesta di cui Lei ha bisogno etc, in occasione ad esempio della compilazione di form;<\/li><li class=\"li2\">dati tecnici di identificazione web quali: indirizzo IP, indirizzo MAC, codice identificativo del dispositivo utilizzato per accedere al sito etc. Tali dati personali sono necessari per l\u2019utilizzo del sito e dei servizi offerti (vedi anche il punto sottostante titolato \u201ccookie\u201d);<\/li><\/ul>\t\t\t\t\t\t<\/div>\n\t\t\t\t<\/div>\n\t\t\t\t<div class=\"elementor-element elementor-element-da664c6 elementor-widget elementor-widget-heading\" data-id=\"da664c6\" data-element_type=\"widget\" data-widget_type=\"heading.default\">\n\t\t\t\t<div class=\"elementor-widget-container\">\n\t\t\t<h4 class=\"elementor-heading-title elementor-size-default\">e) Per quali fini si trattano i dati? Su che base giuridica? E per quanto tempo vengono conservati?<\/h4>\t\t<\/div>\n\t\t\t\t<\/div>\n\t\t\t\t<div class=\"elementor-element elementor-element-2d34bd4 elementor-widget elementor-widget-text-editor\" data-id=\"2d34bd4\" data-element_type=\"widget\" data-widget_type=\"text-editor.default\">\n\t\t\t\t<div class=\"elementor-widget-container\">\n\t\t\t\t\t\t\t<p><span style=\"font-weight: 400;\">Qui di seguito le indichiamo le finalit\u00e0 del trattamento, la base giuridica che legittima il trattamento e il tempo di conservazione dei suoi dati personali:<\/span><i><span style=\"font-weight: 400;\">\u00a0<\/span><\/i><\/p><table><tbody><tr><td><p><i><span style=\"font-weight: 400;\">Finalit\u00e0<\/span><\/i><\/p><\/td><td><p><i><span style=\"font-weight: 400;\">Base giuridica<\/span><\/i><\/p><\/td><td><p><i><span style=\"font-weight: 400;\">Conservazione\u00a0<\/span><\/i><\/p><\/td><\/tr><tr><td><p><span style=\"font-weight: 400;\">1.<\/span> <span style=\"font-weight: 400;\">Gestione dei servizi del sito web istituzionale, o di una sua richiesta di informazioni, servizi, e delle relative relazioni contrattuali e\/o precontrattuali, <\/span><i><span style=\"font-weight: 400;\">\u00a0<\/span><\/i><\/p><\/td><td><p><span style=\"font-weight: 400;\">Esecuzione\u00a0 <\/span> <span style=\"font-weight: 400;\">di adempimenti<\/span><\/p><p><span style=\"font-weight: 400;\">precontrattuali o contrattuali<\/span><\/p><\/td><td><p><span style=\"font-weight: 400;\">I dati saranno conservati al massimo per il periodo di vigenza del servizio di cui Lei \u00e8 parte ed il successivo periodo di prescrizione dei diritti.\u00a0<\/span><\/p><\/td><\/tr><tr><td><p><span style=\"font-weight: 400;\">2.<\/span> <span style=\"font-weight: 400;\">Adempimento ad obblighi di legge, per soddisfare eventuali obblighi di legge che il Titolare \u00e8 tenuto a rispettare.<\/span><\/p><\/td><td><p><span style=\"font-weight: 400;\">Adempimento ad obbligo di legge<\/span><\/p><\/td><td><p><span style=\"font-weight: 400;\">I dati saranno conservati per il periodo di conservazione richiesto dalla normativa relativa alla Sua richiesta.<\/span><\/p><\/td><\/tr><\/tbody><\/table>\t\t\t\t\t\t<\/div>\n\t\t\t\t<\/div>\n\t\t\t\t<div class=\"elementor-element elementor-element-b008653 elementor-widget elementor-widget-heading\" data-id=\"b008653\" data-element_type=\"widget\" data-widget_type=\"heading.default\">\n\t\t\t\t<div class=\"elementor-widget-container\">\n\t\t\t<h4 class=\"elementor-heading-title elementor-size-default\">f) \u00c8 obbligatorio fornire i dati? Cosa succede se non li fornisce?<\/h4>\t\t<\/div>\n\t\t\t\t<\/div>\n\t\t\t\t<div class=\"elementor-element elementor-element-1b03008 elementor-widget elementor-widget-text-editor\" data-id=\"1b03008\" data-element_type=\"widget\" data-widget_type=\"text-editor.default\">\n\t\t\t\t<div class=\"elementor-widget-container\">\n\t\t\t\t\t\t\t<p class=\"p1\">Il conferimento dei suoi dati personali per le finalit\u00e0 (1) Gestione dei servizi del sito web istituzionale \u00e8 un requisito la fornitura dei servizi richiesti. Il conferimento per la finalit\u00e0 di (2) Adempimento ad obblighi di legge \u00e8 obbligatorio per rispettare la normativa. Il mancato conferimento per queste finalit\u00e0 comporta l\u2019impossibilit\u00e0 di fornirle i servizi da lei richiesti;<\/p>\t\t\t\t\t\t<\/div>\n\t\t\t\t<\/div>\n\t\t\t\t<div class=\"elementor-element elementor-element-2cbb1f6 elementor-widget elementor-widget-heading\" data-id=\"2cbb1f6\" data-element_type=\"widget\" data-widget_type=\"heading.default\">\n\t\t\t\t<div class=\"elementor-widget-container\">\n\t\t\t<h4 class=\"elementor-heading-title elementor-size-default\">g) Chi pu\u00f2 conoscere i suoi dati? A chi li comunichiamo?<\/h4>\t\t<\/div>\n\t\t\t\t<\/div>\n\t\t\t\t<div class=\"elementor-element elementor-element-58747ad elementor-widget elementor-widget-text-editor\" data-id=\"58747ad\" data-element_type=\"widget\" data-widget_type=\"text-editor.default\">\n\t\t\t\t<div class=\"elementor-widget-container\">\n\t\t\t\t\t\t\t<p class=\"p1\">I dati personali relativi ai trattamenti in questione, per le finalit\u00e0 di cui sopra, potranno essere comunicati o resi noti:<\/p><ul><li class=\"p1\">a coloro i quali all\u2019interno dell\u2019organizzazione del Titolare ne abbiano necessit\u00e0 a causa della propria mansione o posizione gerarchica. Tali soggetti sono le persone autorizzate al trattamento sotto l\u2019autorit\u00e0 diretta del Titolare;<\/li><li class=\"p1\">a quei soggetti ai quali le disposizioni di legge diano facolt\u00e0 di accesso, ovvero ai quali il trasferimento dei dati si renda necessario per gli adempimenti previsti da leggi o regolamenti, dal contratto, quali, ad esempio, autorit\u00e0 pubbliche o organismi di vigilanza o di controllo legittimati ad accedere ai dati, avvocati, revisori;<\/li><li class=\"p1\">a soggetti terzi che effettuano trattamento per conto del Titolare, correlati ai trattamenti e alle finalit\u00e0 sopra descritte. Tali soggetti risultano autorizzati a trattarli in qualit\u00e0 di Responsabili del trattamento secondo quanto previsto dall\u2019art 28 del GDPR, quali ad esempio per la gestione del sito web istituzionale o servizi informativi;<\/li><li class=\"p1\">Societ\u00e0 facenti parte dello stesso Gruppo aziendale del Titolare all\u2019interno dell\u2019UE (le societ\u00e0 controllanti, controllate o collegate ai sensi dell&#8217;articolo 2359 del codice civile ovvero le societ\u00e0 sottoposte a comune controllo, nonch\u00e9 i soggetti aderenti a consorzi, reti di imprese e raggruppamenti e associazioni temporanei di imprese) che risultano autorizzate a trattarli per finalit\u00e0 amministrative interne.<\/li><\/ul>\t\t\t\t\t\t<\/div>\n\t\t\t\t<\/div>\n\t\t\t\t<div class=\"elementor-element elementor-element-4860e34 elementor-widget elementor-widget-heading\" data-id=\"4860e34\" data-element_type=\"widget\" data-widget_type=\"heading.default\">\n\t\t\t\t<div class=\"elementor-widget-container\">\n\t\t\t<h4 class=\"elementor-heading-title elementor-size-default\">H) I dati personali sono trasferiti al di fuori dell\u2019Unione Europea (UE)?<\/h4>\t\t<\/div>\n\t\t\t\t<\/div>\n\t\t\t\t<div class=\"elementor-element elementor-element-6b48a00 elementor-widget elementor-widget-text-editor\" data-id=\"6b48a00\" data-element_type=\"widget\" data-widget_type=\"text-editor.default\">\n\t\t\t\t<div class=\"elementor-widget-container\">\n\t\t\t\t\t\t\t<p class=\"p1\">I dati i raccolti non vengono trasferiti in ubicazioni poste al di fuori dell\u2019Unione Europea.<\/p>\t\t\t\t\t\t<\/div>\n\t\t\t\t<\/div>\n\t\t\t\t<div class=\"elementor-element elementor-element-b5ec201 elementor-widget elementor-widget-heading\" data-id=\"b5ec201\" data-element_type=\"widget\" data-widget_type=\"heading.default\">\n\t\t\t\t<div class=\"elementor-widget-container\">\n\t\t\t<h4 class=\"elementor-heading-title elementor-size-default\">i) Quali sono i suoi diritti in qualit\u00e0 di interessato?<\/h4>\t\t<\/div>\n\t\t\t\t<\/div>\n\t\t\t\t<div class=\"elementor-element elementor-element-ab3d7dd elementor-widget elementor-widget-text-editor\" data-id=\"ab3d7dd\" data-element_type=\"widget\" data-widget_type=\"text-editor.default\">\n\t\t\t\t<div class=\"elementor-widget-container\">\n\t\t\t\t\t\t\t<p class=\"p1\">Il GDPR le riconosce i seguenti diritti in relazione ai suoi dati personali che potr\u00e0 esercitare nei limiti e in conformit\u00e0 a quanto previsto dalla normativa:<\/p><ul><li class=\"li2\">Diritto di accesso ai suoi dati personali (art. 15);<\/li><li class=\"li2\">Diritto di rettifica (art. 16);<\/li><li class=\"li2\">Diritto di cancellazione (diritto all\u2019oblio) (art. 17);<\/li><li class=\"li2\">Diritto di limitazione di trattamento (art. 18);<\/li><li class=\"li2\">Diritto alla portabilit\u00e0 dei dati (art. 20);<\/li><li class=\"li3\">Diritto di opposizione (art. 21); l\u2019interessato ha il diritto di opporsi in qualsiasi momento, per motivi connessi alla sua situazione particolare, al trattamento dei dati personali che lo riguardano basato sul legittimo interesse, compresa la profilazione sulla base di esso. Il Titolare si astiene dal trattamento salvo che dimostri l&#8217;esistenza di motivi legittimi cogenti per procedere al trattamento che prevalgono sugli interessi, sui diritti e sulle libert\u00e0 dell&#8217;interessato oppure per l&#8217;accertamento, l&#8217;esercizio o la difesa di un diritto in sede giudiziaria;<\/li><li class=\"li4\">Diritto di opporsi a una decisione basata unicamente sul trattamento automatizzato (art. 22);<\/li><li class=\"li3\">Diritto di revocare, in qualsiasi momento, il consenso rilasciato, senza pregiudicare la liceit\u00e0 del trattamento basata sul consenso prestato prima della revoca.<\/li><\/ul><p>\u00a0<\/p><p class=\"p1\">Potr\u00e0 esercitare i suoi diritti inviando una richiesta scritta indirizzata al Titolare del trattamento all\u2019indirizzo postale o tramite e-mail, come indicato in precedenza. Inoltre, ha il diritto di proporre reclamo all\u2019Autorit\u00e0 Garante per la protezione dei dati personali (<a href=\"https:\/\/www.garanteprivacy.it\/\" target=\"_blank\" rel=\"noopener\">www.garanteprivacy.it<\/a>), qualora ritenga che il trattamento dei suoi dati sia contrario alla normativa in vigore (art 77) o di agire in sede giudiziale (art 79).<\/p>\t\t\t\t\t\t<\/div>\n\t\t\t\t<\/div>\n\t\t\t\t<div class=\"elementor-element elementor-element-6f0b666 elementor-widget elementor-widget-heading\" data-id=\"6f0b666\" data-element_type=\"widget\" data-widget_type=\"heading.default\">\n\t\t\t\t<div class=\"elementor-widget-container\">\n\t\t\t<h4 class=\"elementor-heading-title elementor-size-default\">j) Come vengono protetti i dati personali?<\/h4>\t\t<\/div>\n\t\t\t\t<\/div>\n\t\t\t\t<div class=\"elementor-element elementor-element-088f264 elementor-widget elementor-widget-text-editor\" data-id=\"088f264\" data-element_type=\"widget\" data-widget_type=\"text-editor.default\">\n\t\t\t\t<div class=\"elementor-widget-container\">\n\t\t\t\t\t\t\t<p class=\"p1\">I dati personali saranno trattati sia con strumenti elettronici sia senza l\u2019ausilio di strumenti elettronici, utilizzando misure di sicurezza tecniche e organizzative adeguate alla natura dei dati per assicurarne l\u2019integrit\u00e0 e la riservatezza e proteggerli contro i rischi di intrusione illecita, perdita, alterazione, o divulgazione a terzi non autorizzati a trattarli.<\/p>\t\t\t\t\t\t<\/div>\n\t\t\t\t<\/div>\n\t\t\t\t<div class=\"elementor-element elementor-element-fa7788d elementor-widget elementor-widget-heading\" data-id=\"fa7788d\" data-element_type=\"widget\" data-widget_type=\"heading.default\">\n\t\t\t\t<div class=\"elementor-widget-container\">\n\t\t\t<h4 class=\"elementor-heading-title elementor-size-default\">k) Altre informative<\/h4>\t\t<\/div>\n\t\t\t\t<\/div>\n\t\t\t\t<div class=\"elementor-element elementor-element-3761fcc elementor-widget elementor-widget-text-editor\" data-id=\"3761fcc\" data-element_type=\"widget\" data-widget_type=\"text-editor.default\">\n\t\t\t\t<div class=\"elementor-widget-container\">\n\t\t\t\t\t\t\t<p class=\"p1\">Informative specifiche sono previste per trattamenti speciali:<\/p><ul class=\"ul1\"><li class=\"li1\">Cookie: quando lei si collega al sito internet del Titolare, sul suo dispositivo di collegamento vengono installati una serie di cookie (o strumenti analoghi) per facilitare la fruizione del sito o per definire il suo profilo di utente. Per avere maggiori informazioni sui cookie, conoscerne le caratteristiche ed esercitare il suo diritto di accettarli in toto o di esprimere le sue preferenze al loro utilizzo la invitiamo a consultare la nostra \u201ccookie policy\u201d presente nel footer di questo sito.<\/li><li class=\"li1\">Candidati: qualora vengano inviate candidature attraverso il sito, si dovr\u00e0 far riferimento alla specifica informativa fornita presente in questo sito.<\/li><li class=\"li1\">Whistleblowing: qualora vengano inviate segnalazioni conformemente alla normativa di settore.<\/li><\/ul>\t\t\t\t\t\t<\/div>\n\t\t\t\t<\/div>\n\t\t\t\t<div class=\"elementor-element elementor-element-2abf604 elementor-widget elementor-widget-heading\" data-id=\"2abf604\" data-element_type=\"widget\" data-widget_type=\"heading.default\">\n\t\t\t\t<div class=\"elementor-widget-container\">\n\t\t\t<h4 class=\"elementor-heading-title elementor-size-default\">l) Aggiornamenti<\/h4>\t\t<\/div>\n\t\t\t\t<\/div>\n\t\t\t\t<div class=\"elementor-element elementor-element-0784f8b elementor-widget elementor-widget-text-editor\" data-id=\"0784f8b\" data-element_type=\"widget\" data-widget_type=\"text-editor.default\">\n\t\t\t\t<div class=\"elementor-widget-container\">\n\t\t\t\t\t\t\t<p class=\"p1\">Il Titolare si riserva il diritto di modificare e aggiornare in qualsiasi momento la presente informativa. Le variazioni si applicheranno a partire dalla loro apparizione. \u00c8 pertanto necessario che lei verifichi con regolarit\u00e0 l\u2019Informativa in vigore.<\/p>\t\t\t\t\t\t<\/div>\n\t\t\t\t<\/div>\n\t\t\t\t<div class=\"elementor-element elementor-element-b7871e5 elementor-widget elementor-widget-text-editor\" data-id=\"b7871e5\" data-element_type=\"widget\" data-widget_type=\"text-editor.default\">\n\t\t\t\t<div class=\"elementor-widget-container\">\n\t\t\t\t\t\t\t<p class=\"p1\">EDIZIONE: Aprile 2024<\/p>\t\t\t\t\t\t<\/div>\n\t\t\t\t<\/div>\n\t\t\t\t<div class=\"elementor-element elementor-element-acc775a elementor-align-left elementor-widget elementor-widget-button\" data-id=\"acc775a\" data-element_type=\"widget\" data-widget_type=\"button.default\">\n\t\t\t\t<div class=\"elementor-widget-container\">\n\t\t\t\t\t<div class=\"elementor-button-wrapper\">\n\t\t\t<a class=\"elementor-button elementor-button-link elementor-size-sm\" href=\"https:\/\/www.star-logistics.eu\/wp-content\/uploads\/2025\/04\/InformativaPrivacyPolicy-STARSPA.pdf\" target=\"_blank\">\n\t\t\t\t\t\t<span class=\"elementor-button-content-wrapper\">\n\t\t\t\t\t\t<span class=\"elementor-button-text\">Scarica in PDF<\/span>\n\t\t<\/span>\n\t\t\t\t\t<\/a>\n\t\t<\/div>\n\t\t\t\t<\/div>\n\t\t\t\t<\/div>\n\t\t\t\t\t<\/div>\n\t\t\t\t<\/div>\n\t\t\t\t\t\t\t<\/div>","protected":false},"excerpt":{"rendered":"<p>a) Qual \u00e8 lo scopo della informativa? In osservanza di quanto previsto dalla vigente normativa in materia di protezione dei dati personali, vale a dire il Regolamento UE 2016\/679 (anche detto \u201cGDPR\u201d) e, per quanto applicabile, dalla normativa nazionale complementare, desideriamo informarla in merito al trattamento dei suoi dati personali da parte dell\u2019organizzazione del Titolare [&hellip;]<\/p>","protected":false},"author":1,"featured_media":0,"parent":0,"menu_order":0,"comment_status":"closed","ping_status":"open","template":"","meta":{"_acf_changed":false,"footnotes":""},"class_list":["post-3","page","type-page","status-publish","hentry"],"acf":[],"_links":{"self":[{"href":"https:\/\/www.star-logistics.eu\/en\/wp-json\/wp\/v2\/pages\/3","targetHints":{"allow":["GET"]}}],"collection":[{"href":"https:\/\/www.star-logistics.eu\/en\/wp-json\/wp\/v2\/pages"}],"about":[{"href":"https:\/\/www.star-logistics.eu\/en\/wp-json\/wp\/v2\/types\/page"}],"author":[{"embeddable":true,"href":"https:\/\/www.star-logistics.eu\/en\/wp-json\/wp\/v2\/users\/1"}],"replies":[{"embeddable":true,"href":"https:\/\/www.star-logistics.eu\/en\/wp-json\/wp\/v2\/comments?post=3"}],"version-history":[{"count":39,"href":"https:\/\/www.star-logistics.eu\/en\/wp-json\/wp\/v2\/pages\/3\/revisions"}],"predecessor-version":[{"id":3194,"href":"https:\/\/www.star-logistics.eu\/en\/wp-json\/wp\/v2\/pages\/3\/revisions\/3194"}],"wp:attachment":[{"href":"https:\/\/www.star-logistics.eu\/en\/wp-json\/wp\/v2\/media?parent=3"}],"curies":[{"name":"wp","href":"https:\/\/api.w.org\/{rel}","templated":true}]}}